{"id":371,"date":"2024-10-23T10:46:14","date_gmt":"2024-10-23T08:46:14","guid":{"rendered":"https:\/\/ilgazzettinodelded.it\/?page_id=371"},"modified":"2024-10-24T10:10:42","modified_gmt":"2024-10-24T08:10:42","slug":"leroe-immortale","status":"publish","type":"page","link":"https:\/\/ilgazzettinodelded.it\/index.php\/leroe-immortale\/","title":{"rendered":"L&#8217;eroe immortale"},"content":{"rendered":"\n<div class=\"wp-block-buttons is-layout-flex wp-block-buttons-is-layout-flex\">\n<div class=\"wp-block-button\"><a class=\"wp-block-button__link wp-element-button\" href=\"https:\/\/ilgazzettinodelded.it\">HOME<\/a><\/div>\n<\/div>\n\n\n\n<h2 class=\"wp-block-heading has-text-align-center\">KAAYND il Magnifico<\/h2>\n\n\n\n<figure class=\"wp-block-image aligncenter size-full is-resized\"><img loading=\"lazy\" decoding=\"async\" width=\"107\" height=\"148\" src=\"https:\/\/ilgazzettinodelded.it\/wp-content\/uploads\/2024\/10\/kaaynd.png\" alt=\"\" class=\"wp-image-372\" style=\"width:270px;height:auto\"\/><\/figure>\n\n\n\n<p class=\"has-text-align-center\">Statua del grande Kaaynd nella piazza della capitale<\/p>\n\n\n\n<h2 class=\"wp-block-heading\">L&#8217;eroe Immortale<\/h2>\n\n\n\n<p>Kaaynd il magnifico<br>Kaaynd il grande<br>Kaaynd il salvatore<br>Kaaynd il benedetto<br>Kaaynd l&#8217;azzoppatore<br>Kaaynd colui che salv\u00f2 il mondo<br>Kaaynd il resuscitato<br>Kaaynd l&#8217;impalatore<\/p>\n\n\n\n<p>Questi sono solo alcuni degli appellativi col quale \u00e8 conosciuto ad oggi Kaaynd Gert Qwiz I.<br>Dopo una lunga ricerca fra innumerevoli archivi e dopo aver ascoltato le leggende di mezzo mondo sono finalmente riuscito a raccoglie abbastanza informazioni per poterne scrivere la biografia.<br>Mi scuser\u00e0 il lettore se alcune parti risulteranno confuse o mancanti , ma sono passati ormai molti secoli da quando il Grande Kaaynd ha vagato per queste terre.<\/p>\n\n\n\n<p>Ad oggi il suo nome viene pronunciato come se fosse scritto in elfico , quindi addolcendo le consonanti dure tipiche del popolo a cui appartiene.<br>La pronuncia attuale &#8220;Cainde&#8221; \u00e8 quindi da ritenersi sbagliata.<br>Nato 488 anni da oggi (la data esatta ci \u00e8 ignota) da una coppia di poveri contadini umani del reame di Nyrond, probabilmente vicino al villaggio di Stoink ,pass\u00f2 la sua breve infanzia imparando la dura legge della vita.<br>Nei registri del villaggio ho trovato note a proposito di un bambino particolare , marchiato da una curiosa deformit\u00e0 tale per cui alla nascita stavano per tagliare il cordone ombelicale sbagliato. Forse anche qui vi \u00e8 un&#8217;esagerazione ma testimonianze seguenti riguardo alle sue gesta ci fanno capire che probabilmente c&#8217;\u00e8 un fondo di verit\u00e0.<br>Gi\u00e0 da piccolo si narrano sue gesta eroiche, probabilmente inventate o ingigantite, come quando salv\u00f2 il suo cane dall&#8217;attacco di un grosso alligatore all&#8217;et\u00e0 di soli 3 anni.<br>La sua fanciullezza fu bruscamente interrotta quando una banda di orchi attacc\u00f2 il villaggio uccidendone i genitori, anche in questo caso si narrano leggende di come da solo ,a 7 anni , uccise vari orchi ne stupr\u00f2 altri e li scacci\u00f2 dal villaggio.<br>Qui la storia si fa confusa, alcune strane testimonianze narrano di come fu raccolto , ferito e spaventato, tra le macerie di casa sua da un gruppo di avventurieri che passavano di l\u00ec.<br>Stranamente ho trovato testimonianze di come questi avventurieri , nell&#8217;atto di presentarrsi come salvatori, gli uccisero il cane a sangue freddo davanti agli occhi traumatizzandolo.<br>Chiaramente una storia del genere non ha senso alcuno, primo perch\u00e8 non esistono psicopatici che ammazzano cani davanti ai bambini, secondo perch\u00e8 non si spiegherebbe come poi Kaaynd si possa essere unito a loro dopo questo gesto.<br>La leggenda vuole che si rec\u00f2 nel mondo dei morti per poterlo riportare in vita , con successo e che riusc\u00ec pure a donargli la straodinaria capacit\u00e0 di parlare.<br>Da questo momento le storie divntano confuse e senza senso, seguire questa fantomatica compagnia di eroi \u00e8 un&#8217;impresa impossibile, si trovano scritti su cavalli sbudellati, taverne distrutte, atti di pirateria mascherati da atti eroici ed altre innumerevoli gesta che poco si addicono allo spirito pacifico e benevolo di Kaaynd.<br>Fra le tante leggende narrate la pi\u00f9 interessante \u00e8 sicuramente quella che riguarda un presuto viaggio nell&#8217;aldil\u00e0 dal quale poi Kaaynd sarebbe tornato pi\u00f9 forte di prima. Tutta la vicenda \u00e8 raccontata in maniera grottesca, tra feste scoreggianti e omicidi di persone gi\u00e0 uccise. Chiaramente i bardi nei secoli ci avranno messo del loro.<br>Quello di cui siamo certi \u00e8 che 486 anni da oggi una potente manifestazione demoniaca conosciuta come ZUUL, tent\u00f2 di attraversare i piani per devastare la terra, ma Kaaynd forse aiutato da altri ma non ci sono fonti a riguardo , riusc\u00ec da solo a respingere la potentissima creatura.<br>Unico supertite dello scontro con la semi divinit\u00e0 , venne ritrovato in fin di vita in un enorme cratere , centro della manifestazione di ZUUL.<br>Esso stesso ha poi reso testimonianza dei fatti cos\u00ec come tutti possono leggere nel famoso tomo &#8220;Come ho salvato il mondo da solo&#8221; scritto di suo pugno.<br>Negli anni crebbe sia in altezza che in lunghezza e si narra si accoppi\u00f2 con pi\u00f9 di 10.000 esseri viventi (ferendone la maggior parte).<br>Visse il resto della sua vita in pace nel castello di Rel Mord, osannato e riverito dal Re e da tutti i suoi sudditi come una divinit\u00e0.<br>Ad oggi ritengo che la maggior parte delle testimonianze siano state distorte nel tempo e continuer\u00f2 a scavare per trovare la verit\u00e0.<\/p>\n","protected":false},"excerpt":{"rendered":"<p>KAAYND il Magnifico Statua del grande Kaaynd nella piazza della capitale L&#8217;eroe Immortale Kaaynd il magnificoKaaynd il grandeKaaynd il salvatoreKaaynd il benedettoKaaynd l&#8217;azzoppatoreKaaynd colui che salv\u00f2 il mondoKaaynd il resuscitatoKaaynd l&#8217;impalatore Questi sono solo alcuni degli appellativi col quale \u00e8 conosciuto ad oggi Kaaynd Gert Qwiz I.Dopo una lunga ricerca fra innumerevoli archivi e dopo [&hellip;]<\/p>\n","protected":false},"author":3,"featured_media":0,"parent":0,"menu_order":0,"comment_status":"closed","ping_status":"closed","template":"","meta":{"footnotes":""},"class_list":["post-371","page","type-page","status-publish","hentry"],"_links":{"self":[{"href":"https:\/\/ilgazzettinodelded.it\/index.php\/wp-json\/wp\/v2\/pages\/371","targetHints":{"allow":["GET"]}}],"collection":[{"href":"https:\/\/ilgazzettinodelded.it\/index.php\/wp-json\/wp\/v2\/pages"}],"about":[{"href":"https:\/\/ilgazzettinodelded.it\/index.php\/wp-json\/wp\/v2\/types\/page"}],"author":[{"embeddable":true,"href":"https:\/\/ilgazzettinodelded.it\/index.php\/wp-json\/wp\/v2\/users\/3"}],"replies":[{"embeddable":true,"href":"https:\/\/ilgazzettinodelded.it\/index.php\/wp-json\/wp\/v2\/comments?post=371"}],"version-history":[{"count":6,"href":"https:\/\/ilgazzettinodelded.it\/index.php\/wp-json\/wp\/v2\/pages\/371\/revisions"}],"predecessor-version":[{"id":382,"href":"https:\/\/ilgazzettinodelded.it\/index.php\/wp-json\/wp\/v2\/pages\/371\/revisions\/382"}],"wp:attachment":[{"href":"https:\/\/ilgazzettinodelded.it\/index.php\/wp-json\/wp\/v2\/media?parent=371"}],"curies":[{"name":"wp","href":"https:\/\/api.w.org\/{rel}","templated":true}]}}